{"id":19,"date":"2018-03-29T10:51:06","date_gmt":"2018-03-29T08:51:06","guid":{"rendered":"http:\/\/villadonosti.fr\/?page_id=19"},"modified":"2026-03-12T20:58:47","modified_gmt":"2026-03-12T19:58:47","slug":"accueil","status":"publish","type":"page","link":"https:\/\/villadonosti.fr\/","title":{"rendered":"Accueil"},"content":{"rendered":"<div class=\"entry-content\">\n<p>La <strong>Villa Donosti<\/strong> vous accueille \u00e0&nbsp;<em>Lanton<\/em>&nbsp;au bord du <strong>Bassin d&#8217;Arcachon<\/strong> sur un terrain de 1200m\u00b2 en bordure de for\u00eat.<\/p>\n<p>Situ\u00e9e dans une impasse, la maison est au calme et son parking est \u00e0 votre disposition.<\/p>\n<p>Une grande terrasse abrit\u00e9e est \u00e0 partager entre les convives, comme le jardin \u00e0 d\u00e9couvrir.<\/p>\n<p>Encore plus au calme, 2 des 3 chambres ont leur terrasse privative.<\/p>\n<p>Vous serez \u00e0 seulement 10 min \u00e0 pieds du petit port de&nbsp;<em>Cassy<\/em>&nbsp;et ses cabanes ostr\u00e9icoles, les petits restaurants et la plage.<\/p>\n<p>L\u2019acc\u00e8s \u00e0 une piste cyclable reliant un r\u00e9seau important est \u00e0 50m. La&nbsp;<strong>v\u00e9lodyss\u00e9<\/strong>&nbsp;est \u00e0 200m.<\/p>\n<p>Le centre ville de <strong>Andernos les Bains<\/strong> est \u00e0 5kms.<\/p>\n<\/div>\n<hr>\n<h4>Quelques commentaires clients:<\/h4>\n<div class=\"c-review-snippet__review\">\n<div class=\"c-review\">\n<div class=\"c-review__row\">\n<p><span class=\"bui-avatar-block__title\"><strong>Julie<\/strong>&nbsp; &nbsp;<\/span>:<br><span style=\"color: #000000;\"><em><span class=\"c-review__body\">\u00ab Malgr\u00e9 notre heure tr\u00e8s tardive nos h\u00f4tes ont \u00e9t\u00e9 tr\u00e8s arrangeants et au petit d\u00e9jeuner (parfait) c \u00e9tait tr\u00e8s agr\u00e9able de discuter. Beaucoup de gentillesse et de bienveillance. Je ne manquerai pas de diffuser cette bonne adresse&nbsp;\u00bb<\/span><\/em><\/span><\/p>\n<p><strong>Reda et Aline&nbsp;<\/strong>&nbsp; :<br><em><span class=\"c-review__body\">\u00ab Excellent accueil, h\u00f4tes aux petits soins, petit d\u00e9jeuner copieux install\u00e9s au salon avec une vue apaisante sur une parcelle de for\u00eat de ch\u00eanes et de pins.&nbsp;<\/span><\/em><em>Un grand merci \u00e0 nos hotes. Adresse \u00e0 recommander sans aucun doute&nbsp;<\/em><em><span class=\"c-review__body\"><span style=\"color: #000000;\">\u00bb<\/span><\/span><\/em><\/p>\n<p><strong>Donaldas<\/strong>&nbsp; :&nbsp; <span style=\"display: inline !important; float: none; background-color: transparent; color: #191e23; cursor: text; font-family: 'Noto Serif'; font-size: 16px; font-style: normal; font-variant: normal; font-weight: 400; letter-spacing: normal; orphans: 2; text-align: left; text-decoration: none; text-indent: 0px; text-transform: none; -webkit-text-stroke-width: 0px; white-space: normal; word-spacing: 0px;\">&nbsp;&nbsp;<\/span><br><em><span class=\"c-review__body\">\u00ab<\/span><\/em><em><span class=\"c-review__body\">First of all &#8211; super helpfull hostess. She made everything to make our stay perfect. Even made coffee take away, as we had long trip to Spain. Also we have got good advises about places to visit. Good breafast. Clean room. Separate entrance. Massage shower.<\/span> <i><span style=\"color: #191e23;\"><span class=\"c-review__body\">\u00bb<\/span> <\/span><\/i><\/em><\/p>\n<p><strong>Walter <\/strong>&nbsp;:<br><span class=\"c-review__body\"><i><span style=\"color: #191e23;\">\u00ab Sehr freundliche Gastgeber. Man spricht deutsch. Kostenloser Parkplatz direkt vor dem Haus. Unterkunft in ruhiger Gegend. Franz\u00f6sisches Fr\u00fchst\u00fcck mit selbstgemachter Marmelade und selbstgemachtem Joghurt.<\/span><\/i><\/span><em><span class=\"c-review__body\">.&nbsp;\u00bb <\/span><\/em><\/p>\n<p><strong>Jordi&nbsp;<\/strong>:<br><em><span class=\"c-review__body\">\u00ab<\/span> Amabilidad de Leire y su marido, el desayuno, Parking frente a la habitaci\u00f3n&#8230; Cuarto de ba\u00f1o con luz natural y muy limpio<span class=\"c-review__body\">. <span style=\"color: #191e23;\">\u00bb <\/span><\/span><\/em><\/p>\n<\/div>\n<\/div>\n<\/div>\n\n\n<hr class=\"wp-block-separator\"\/>\n\n\n\n<p><\/p>\n","protected":false},"excerpt":{"rendered":"<p>La Villa Donosti vous accueille \u00e0&nbsp;Lanton&nbsp;au bord du Bassin d&#8217;Arcachon sur un [&hellip;]<\/p>\n","protected":false},"author":1,"featured_media":0,"parent":0,"menu_order":0,"comment_status":"closed","ping_status":"closed","template":"","meta":{"_monsterinsights_skip_tracking":false,"_monsterinsights_sitenote_active":false,"_monsterinsights_sitenote_note":"","_monsterinsights_sitenote_category":0},"_links":{"self":[{"href":"https:\/\/villadonosti.fr\/index.php?rest_route=\/wp\/v2\/pages\/19"}],"collection":[{"href":"https:\/\/villadonosti.fr\/index.php?rest_route=\/wp\/v2\/pages"}],"about":[{"href":"https:\/\/villadonosti.fr\/index.php?rest_route=\/wp\/v2\/types\/page"}],"author":[{"embeddable":true,"href":"https:\/\/villadonosti.fr\/index.php?rest_route=\/wp\/v2\/users\/1"}],"replies":[{"embeddable":true,"href":"https:\/\/villadonosti.fr\/index.php?rest_route=%2Fwp%2Fv2%2Fcomments&post=19"}],"version-history":[{"count":13,"href":"https:\/\/villadonosti.fr\/index.php?rest_route=\/wp\/v2\/pages\/19\/revisions"}],"predecessor-version":[{"id":316,"href":"https:\/\/villadonosti.fr\/index.php?rest_route=\/wp\/v2\/pages\/19\/revisions\/316"}],"wp:attachment":[{"href":"https:\/\/villadonosti.fr\/index.php?rest_route=%2Fwp%2Fv2%2Fmedia&parent=19"}],"curies":[{"name":"wp","href":"https:\/\/api.w.org\/{rel}","templated":true}]}}